{"id":590,"date":"2022-03-20T10:42:41","date_gmt":"2022-03-20T10:42:41","guid":{"rendered":"https:\/\/xn--pflegekrfte-plus-2nb.de\/?page_id=590"},"modified":"2022-08-09T16:15:40","modified_gmt":"2022-08-09T16:15:40","slug":"pta","status":"publish","type":"page","link":"https:\/\/xn--pflegekrfte-plus-2nb.de\/index.php\/pta\/","title":{"rendered":"PTA"},"content":{"rendered":"<p>  <span><a href=\"https:\/\/xn--pflegekrfte-plus-2nb.de\/\"><img decoding=\"async\" alt=\"\" data-id=\"51\" data-init-width=\"900\" data-init-height=\"197\" title=\"careserves 900x197\" src=\"https:\/\/xn--pflegekrfte-plus-2nb.de\/wp-content\/uploads\/2021\/08\/careserves-900x197-1.jpg\" data-width=\"571\" data-height=\"125\" style=\"\" data-link-wrap=\"true\" loading=\"lazy\" width=\"571\" height=\"125\"><\/a><\/span>   <a href=\"#\">   <\/a> <\/p>\n<ul id=\"m-17fa6cd4a16\" data-iid=\"10\">\n<li data-id=\"1\" data-item-display-desktop=\"text\" style=\"\"> <a href=\"https:\/\/pflegekr\u00e4fte-plus.de\/\" style=\"\"> <span>Startseite<\/span><\/a> <\/li>\n<li style=\"\" data-id=\"2\" data-item-display-desktop=\"text\"> <a href=\"https:\/\/pflegekr\u00e4fte-plus.de\/#tve-jump-17f7487a7ca\" style=\"\"> <span>\u00dcber uns<\/span><\/a> <\/li>\n<li data-id=\"3\" data-item-display-desktop=\"text\" style=\"\"> <a href=\"https:\/\/pflegekr\u00e4fte-plus.de\/#tve-jump-17f74a21824\" style=\"\"> <span>Dienstleistungen<\/span><span><\/span><\/a>\n<ul>\n<li data-id=\"5\" data-item-display-desktop=\"text\" style=\"\"> <a href=\"https:\/\/pflegekr\u00e4fte-plus.de\/index.php\/fuer-arbeitgeber\/\" style=\"\"><span data-icon=\"l0z49z4s\"><\/span><span> <span>  <\/span> <\/span> <span><strong><\/strong>F\u00fcr Arbeitgeber<\/span><\/a> <\/li>\n<li data-id=\"6\" data-item-display-desktop=\"text\" style=\"\"> <a href=\"https:\/\/xn--pflegekrfte-plus-2nb.de\/index.php\/fuer-arbeitnehmer\/\" style=\"\"><span data-icon=\"l0z49z4s\"><\/span><span> <span>  <\/span> <\/span> <span>F\u00fcr Arbeitnehmer<\/span><\/a> <\/li>\n<li data-id=\"4\" data-item-display-desktop=\"text\" style=\"\"> <a href=\"https:\/\/xn--pflegekrfte-plus-2nb.de\/index.php\/spezialisierung\/\" style=\"\"><span data-icon=\"l0z49z4s\"><\/span><span> <span>  <\/span> <\/span> <span>Spezialisierung<\/span><\/a> <\/li>\n<li data-id=\"7\" data-item-display-desktop=\"text\" style=\"\"> <a href=\"https:\/\/xn--pflegekrfte-plus-2nb.de\/index.php\/ablauf-vermittlung\/\" style=\"\"><span data-icon=\"l0z49z4s\"><\/span><span> <span>  <\/span> <\/span> <span>Ablauf der Vermittlung<\/span><\/a> <\/li>\n<\/ul>\n<\/li>\n<li data-id=\"8\" data-item-display-desktop=\"text\" style=\"\"> <a href=\"https:\/\/pflegekr\u00e4fte-plus.de\/#tve-jump-17fa6cf96cd\" style=\"\"> <span>Team<\/span><\/a> <\/li>\n<li data-id=\"9\" data-item-display-desktop=\"text\" style=\"\"> <a href=\"https:\/\/xn--pflegekrfte-plus-2nb.de\/index.php\/kontakt\/\" style=\"\"> <span>Kontakt<\/span><\/a> <\/li>\n<\/ul>\n<p style=\"text-align: center;\">Pharmazeutisch-technische Assistenten<\/p>\n<p style=\"text-align: center;\">Wir bieten Ihnen eine L\u00f6sung f\u00fcr Ihre langfristige Personalplanung, damit Sie auch in Zukunft effektiv, Ihre Patienten, Pflegebed\u00fcrftigen und Bewohner versorgen und betreuen k\u00f6nnen.<\/p>\n<p><span><img decoding=\"async\" alt=\"\" data-id=\"632\" data-init-width=\"1197\" data-init-height=\"631\" title=\"Young,Hispanic,Male,Scientist,In,Laboratory,Looking,Through,Microscope\" loading=\"lazy\" src=\"https:\/\/xn--pflegekrfte-plus-2nb.de\/wp-content\/uploads\/2022\/02\/1197shutterstock_1158383875.jpg\" data-width=\"1040\" data-height=\"548\" width=\"1040\" height=\"548\"><\/span><\/p>\n<p style=\"\"><strong>Wir vermitteln<\/strong><\/p>\n<p style=\"\">ausl\u00e4ndische pharmazeutisch-technische Assistenten (PTA) aus den \u200bPhilippinen, Portugal und Tunesien. Unser Ziel ist die Vermittlung in eine Festanstellung in station\u00e4ren Einrichtungen: Krankenh\u00e4user, medizinischen Behandlungszentren, Altenpflege,- und Seniorenheime sowie Apotheken und medizinischen Institutionen.<\/p>\n<p style=\"\"><strong>Nachfolgend finden Sie ein Beispiel f\u00fcr den Ablauf der Vermittlung:<\/strong><\/p>\n<p style=\"\">&#8211; individuelles Beratungsgespr\u00e4ch zur Ermittlung der Anforderungen.<\/p>\n<p style=\"\">&#8211; Bewerber Vorauswahl: durch Feststellung der Eignung, den Kenntnissen und F\u00e4higkeiten.<\/p>\n<p style=\"\">&#8211; Bewerber Vorstellung: Auswahl Ihrer Wunschkandidaten per Videokonferenz.<\/p>\n<p style=\"\">&#8211; Betreuung der Bewerber w\u00e4hrend der Zeit der Sprachausbildung und Integrationsvorbereitung &nbsp;im Heimatland.<\/p>\n<p style=\"\">&#8211; Organisation und Begleitung w\u00e4hrend des Anerkennungsverfahren.<\/p>\n<p style=\"\">&#8211; Vorbereitung und Beantragung von Visum, Aufenthaltsgenehmigung, Arbeitserlaubnis, alle Formalit\u00e4ten zur Arbeitsaufnahme.<\/p>\n<p style=\"\">&#8211; Buchung der Fl\u00fcge und Abholung am Flughafen sowie Transfer zum Wohn,- und Arbeitsort.<\/p>\n<p style=\"\"><span style=\"font-family: Lato; font-weight: 400;\">&#8211; Integrationsbetreuung in Deutschland durch einen aus dem Heimatland stammenden Ansprechpartner in Arbeitsplatzn\u00e4he.<\/span><\/p>\n<p style=\"\"><span style=\"font-family: Lato; font-weight: 400;\">&nbsp; (Unterst\u00fctzung bei Beh\u00f6rdeng\u00e4ngen, Suche nach geeigneten Bank,- Telefon,- Internet-, Strom,- und Versicherungs-Anbieter usw.)<\/span><\/p>\n<p style=\"text-align: center;\"><a href=\"https:\/\/xn--pflegekrfte-plus-2nb.de\/index.php\/kontakt-ag\/\" target=\"_blank\" style=\"outline: currentcolor none medium;\" rel=\"noopener\"><strong>Sie suchen <\/strong><strong>pharmazeutisch-technische Assistenten (PTA)<\/strong><strong>?<\/strong><\/a><\/p>\n<h3 style=\"text-align: center;\"><span style=\"font-style: normal;\"><b><span style=\"font-family: Lato; font-weight: 400;\">Senden Sie uns das ausgef\u00fcllte Kontakt-Formular und wir beantworten Ihnen alle Fragen.<\/span><\/b><\/span><\/h3>\n<p><span><a href=\"https:\/\/xn--pflegekrfte-plus-2nb.de\/\"><img decoding=\"async\" alt=\"\" data-id=\"87\" data-init-width=\"660\" data-init-height=\"194\" title=\"Project\" loading=\"lazy\" src=\"https:\/\/xn--pflegekrfte-plus-2nb.de\/wp-content\/uploads\/2021\/08\/Project.jpg\" data-width=\"509\" data-height=\"150\" style=\"\" data-link-wrap=\"true\" width=\"509\" height=\"150\"><\/a><\/span><\/p>\n<p style=\"text-align: center;\"><strong>+49 2624 185416 0<\/strong><\/p>\n<p style=\"text-align: center;\"><a href=\"mailto:info@pflegekr%C3%A4fte-plus.de\" target=\"_blank\" style=\"outline: none;\" rel=\"noopener\"><strong>info@careservs.com<\/strong><\/a><\/p>\n<p style=\"text-align: center;\"><strong>Kleine Emser Stra\u00dfe 2<\/strong><\/p>\n<p style=\"text-align: center;\"><strong>56203 H\u00f6hr-Grenzhausen<\/strong><\/p>\n<p style=\"text-align: center;\"><strong>Germany<\/strong><\/p>\n<p style=\"text-align: left;\"><a href=\"https:\/\/xn--pflegekrfte-plus-2nb.de\/?page_id=279\" style=\"outline: none;\">Kontakt<\/a> &nbsp; &nbsp; <a href=\"https:\/\/xn--pflegekrfte-plus-2nb.de\/?page_id=290\" style=\"outline: currentcolor none medium;\">Impressum<\/a>&nbsp; &nbsp; &nbsp;<a href=\"https:\/\/xn--pflegekrfte-plus-2nb.de\/?page_id=295\" style=\"outline: currentcolor none medium;\">Datenschutz <\/a><\/p>\n<p style=\"text-align: left;\"><span><span style=\"color: rgb(102, 102, 102);\">\u00a9 2022&nbsp;<\/span><\/span><span style=\"color: rgb(102, 102, 102);\"><span>Alle Rechte vorbehalten | CareServs GmbH<\/span><\/span><\/p>\n","protected":false},"excerpt":{"rendered":"<p>Startseite \u00dcber uns Dienstleistungen F\u00fcr Arbeitgeber F\u00fcr Arbeitnehmer Spezialisierung Ablauf der Vermittlung Team Kontakt Pharmazeutisch-technische Assistenten Wir bieten Ihnen eine L\u00f6sung f\u00fcr Ihre langfristige Personalplanung, damit Sie auch in Zukunft effektiv, Ihre Patienten, Pflegebed\u00fcrftigen und Bewohner versorgen und betreuen k\u00f6nnen. Wir vermitteln ausl\u00e4ndische pharmazeutisch-technische Assistenten (PTA) aus den \u200bPhilippinen, Portugal und Tunesien. Unser Ziel ist&hellip; <a class=\"more-link\" href=\"https:\/\/xn--pflegekrfte-plus-2nb.de\/index.php\/pta\/\"><span class=\"screen-reader-text\">PTA<\/span> weiterlesen<\/a><\/p>\n","protected":false},"author":1,"featured_media":0,"parent":0,"menu_order":0,"comment_status":"closed","ping_status":"closed","template":"","meta":{"footnotes":""},"_links":{"self":[{"href":"https:\/\/xn--pflegekrfte-plus-2nb.de\/index.php\/wp-json\/wp\/v2\/pages\/590"}],"collection":[{"href":"https:\/\/xn--pflegekrfte-plus-2nb.de\/index.php\/wp-json\/wp\/v2\/pages"}],"about":[{"href":"https:\/\/xn--pflegekrfte-plus-2nb.de\/index.php\/wp-json\/wp\/v2\/types\/page"}],"author":[{"embeddable":true,"href":"https:\/\/xn--pflegekrfte-plus-2nb.de\/index.php\/wp-json\/wp\/v2\/users\/1"}],"replies":[{"embeddable":true,"href":"https:\/\/xn--pflegekrfte-plus-2nb.de\/index.php\/wp-json\/wp\/v2\/comments?post=590"}],"version-history":[{"count":17,"href":"https:\/\/xn--pflegekrfte-plus-2nb.de\/index.php\/wp-json\/wp\/v2\/pages\/590\/revisions"}],"predecessor-version":[{"id":920,"href":"https:\/\/xn--pflegekrfte-plus-2nb.de\/index.php\/wp-json\/wp\/v2\/pages\/590\/revisions\/920"}],"wp:attachment":[{"href":"https:\/\/xn--pflegekrfte-plus-2nb.de\/index.php\/wp-json\/wp\/v2\/media?parent=590"}],"curies":[{"name":"wp","href":"https:\/\/api.w.org\/{rel}","templated":true}]}}