{"id":531,"date":"2022-02-02T09:54:49","date_gmt":"2022-02-02T09:54:49","guid":{"rendered":"https:\/\/xn--pflegekrfte-plus-2nb.de\/?page_id=531"},"modified":"2022-08-10T08:54:09","modified_gmt":"2022-08-10T08:54:09","slug":"spezialisierung","status":"publish","type":"page","link":"https:\/\/xn--pflegekrfte-plus-2nb.de\/index.php\/spezialisierung\/","title":{"rendered":"Spezialisierung"},"content":{"rendered":"<p>  <span><a href=\"https:\/\/xn--pflegekrfte-plus-2nb.de\/\"><img decoding=\"async\" alt=\"\" data-id=\"51\" data-init-width=\"900\" data-init-height=\"197\" title=\"careserves 900x197\" src=\"https:\/\/xn--pflegekrfte-plus-2nb.de\/wp-content\/uploads\/2021\/08\/careserves-900x197-1.jpg\" data-width=\"571\" data-height=\"125\" style=\"\" data-link-wrap=\"true\" loading=\"lazy\" width=\"571\" height=\"125\"><\/a><\/span>   <a href=\"#\">   <\/a> <\/p>\n<ul id=\"m-17fa6cd4a16\" data-iid=\"10\">\n<li data-id=\"1\" data-item-display-desktop=\"text\" style=\"\"> <a href=\"https:\/\/pflegekr\u00e4fte-plus.de\/\" style=\"\"> <span>Startseite<\/span><\/a> <\/li>\n<li style=\"\" data-id=\"2\" data-item-display-desktop=\"text\"> <a href=\"https:\/\/pflegekr\u00e4fte-plus.de\/#tve-jump-17f7487a7ca\" style=\"\"> <span>\u00dcber uns<\/span><\/a> <\/li>\n<li data-id=\"3\" data-item-display-desktop=\"text\" style=\"\"> <a href=\"https:\/\/pflegekr\u00e4fte-plus.de\/#tve-jump-17f74a21824\" style=\"\"> <span>Dienstleistungen<\/span><span><\/span><\/a>\n<ul>\n<li data-id=\"5\" data-item-display-desktop=\"text\" style=\"\"> <a href=\"https:\/\/pflegekr\u00e4fte-plus.de\/index.php\/fuer-arbeitgeber\/\" style=\"\"><span data-icon=\"l0z49z4s\"><\/span><span> <span>  <\/span> <\/span> <span><strong><\/strong>F\u00fcr Arbeitgeber<\/span><\/a> <\/li>\n<li data-id=\"6\" data-item-display-desktop=\"text\" style=\"\"> <a href=\"https:\/\/xn--pflegekrfte-plus-2nb.de\/index.php\/fuer-arbeitnehmer\/\" style=\"\"><span data-icon=\"l0z49z4s\"><\/span><span> <span>  <\/span> <\/span> <span>F\u00fcr Arbeitnehmer<\/span><\/a> <\/li>\n<li data-id=\"4\" data-item-display-desktop=\"text\" style=\"\"> <a href=\"https:\/\/xn--pflegekrfte-plus-2nb.de\/index.php\/spezialisierung\/\" style=\"\"><span data-icon=\"l0z49z4s\"><\/span><span> <span>  <\/span> <\/span> <span>Spezialisierung<\/span><\/a> <\/li>\n<li data-id=\"7\" data-item-display-desktop=\"text\" style=\"\"> <a href=\"https:\/\/xn--pflegekrfte-plus-2nb.de\/index.php\/ablauf-vermittlung\/\" style=\"\"><span data-icon=\"l0z49z4s\"><\/span><span> <span>  <\/span> <\/span> <span>Ablauf der Vermittlung<\/span><\/a> <\/li>\n<\/ul>\n<\/li>\n<li data-id=\"8\" data-item-display-desktop=\"text\" style=\"\"> <a href=\"https:\/\/pflegekr\u00e4fte-plus.de\/#tve-jump-17fa6cf96cd\" style=\"\"> <span>Team<\/span><\/a> <\/li>\n<li data-id=\"9\" data-item-display-desktop=\"text\" style=\"\"> <a href=\"https:\/\/xn--pflegekrfte-plus-2nb.de\/index.php\/kontakt\/\" style=\"\"> <span>Kontakt<\/span><\/a> <\/li>\n<\/ul>\n<p style=\"text-align: center;\">Spezialisierung<\/p>\n<p><span><img decoding=\"async\" alt=\"\" data-id=\"544\" data-init-width=\"1197\" data-init-height=\"798\" title=\"1197 shutterstock_385171264\" loading=\"lazy\" src=\"https:\/\/xn--pflegekrfte-plus-2nb.de\/wp-content\/uploads\/2022\/01\/1197-shutterstock_385171264.jpg\" data-width=\"329\" data-height=\"219\" style=\"\" width=\"329\" height=\"219\"><\/span><\/p>\n<p style=\"\"><strong>Warum vermitteln wir philippinische Fachkr\u00e4fte?<\/strong><\/p>\n<p style=\"text-align: justify;\">Wir kennen seit drei Jahrzehnten die philippinische Kultur und die empathische Mentalit\u00e4t der Menschen. Die respektvolle, f\u00fcrsorgliche und wertsch\u00e4tzende sowie zuverl\u00e4ssige Art wird auch Sie \u00fcberzeugen.<\/p>\n<p style=\"\">\n<p style=\"\"><strong>Besonderheit:&nbsp;<\/strong><strong>Gesundheits,- Kranken,- und Pflegefachkr\u00e4fte*<\/strong><\/p>\n<p style=\"text-align: justify;\">Die eigenfinanzierte vierj\u00e4hrige Ausbildung wird an Privatschulen mit sehr hohen Qualit\u00e4tsstandards vermittelt. In der Ausbildung sind mindestens 2 Jahre Berufserfahrung als Krankenschwester\/pfleger in Krankenh\u00e4usern, Rehabilitationszentren und Pflegeeinrichtungen enthalten. Zum Abschluss der Ausbildung wird die Pr\u00fcfung zum \u201eBachelor of Science in Nursing\u201c abgelegt.<\/p>\n<p><span><img decoding=\"async\" alt=\"\" data-id=\"545\" data-init-width=\"1197\" data-init-height=\"898\" title=\"1197 shutterstock_1029028150\" loading=\"lazy\" src=\"https:\/\/xn--pflegekrfte-plus-2nb.de\/wp-content\/uploads\/2022\/01\/1197-shutterstock_1029028150.jpg\" data-width=\"327\" data-height=\"246\" style=\"\" width=\"327\" height=\"246\"><\/span><\/p>\n<p style=\"\"><strong>Warum vermitteln wir portugisische Fachkr\u00e4fte?<\/strong><\/p>\n<p style=\"text-align: justify;\">Portugiesen lieben gute und pers\u00f6nliche Beziehungen. Ihre Einstellung zum Leben und zur Religion ist sehr traditionell und die Familie hat einen sehr hohen Stellenwert. Dies spiegelt sich gerade in den Gesundheitsberufen wider.<\/p>\n<p style=\"\">\n<p style=\"\"><strong><em>Besonderheit:&nbsp;<\/em><\/strong><strong><em>Gesundheits,- Kranken,- und Pflegefachkr\u00e4fte<\/em><\/strong><strong><span style=\"\">*<\/span><\/strong><\/p>\n<p style=\"text-align: justify;\"><span style=\"\">Die Ausbildung wird als vierj\u00e4hriger Bachelorstudiengang \u201eder Pflegewissenschaft\u201c an Universit\u00e4ten vermittelt. Das Studium wird mit dem Bachelor of Science in Nursing abgeschlossen. Portugiesische Pflegekr\u00e4fte genie\u00dfen mit durchschnittlich \u00fcber 6.480 Ausbildungsstunden, dies ist ein europ\u00e4ischer Spitzenwert, eine Ausbildung h\u00f6chster Qualit\u00e4t. Mit dieser fachlichen Kompetenz bewegen &nbsp;sich die Absolventen auf Assistenzarzt Niveau.<\/span><\/p>\n<p><span><img decoding=\"async\" alt=\"\" data-id=\"899\" data-init-width=\"1000\" data-init-height=\"667\" title=\"\" loading=\"lazy\" src=\"https:\/\/xn--pflegekrfte-plus-2nb.de\/wp-content\/uploads\/2022\/08\/AdobeStock_090822.jpg\" data-width=\"328\" data-height=\"219\" style=\"\" width=\"328\" height=\"219\"><\/span><\/p>\n<p style=\"\"><strong>Warum vermitteln wir tunesische Fachkr\u00e4fte?<\/strong><\/p>\n<p style=\"text-align: justify;\">Durch den Tourismus haben sich tunesische Traditionen mit der europ\u00e4ischen Lebensart vermischt. Das famili\u00e4re Zusammen-geh\u00f6rigkeitsgef\u00fchl und die Hilfsbereitschaft ist sehr stark ausgepr\u00e4gt. Durch die mehrsprachige Spracherziehung, tunesisch als Muttersprache, arabisch als offizielle Sprache sowie Franz\u00f6sisch als Handels- und Bildungssprache, sind Tunesier sehr sprachaffin was sich w\u00e4hrend der deutschen Sprachausbildung positiv bemerkbar macht.<\/p>\n<\/p>\n<p><strong><em>Besonderheit:&nbsp;<\/em><\/strong><strong><em>Gesundheits,- Kranken,- und Pflegefachkr\u00e4fte<\/em><\/strong><strong><span>*<\/span><\/strong><\/p>\n<p style=\"text-align: justify;\"><span><\/span>Die tunesische Ausbildung zur Pflege erfolgt nach dem franz\u00f6sischen Bildungsmodell \u201eLicence \u2013 Master \u2013 Doctorat\u201c. Die dreij\u00e4hrige Ausbildung wird mit dem Bachelor in Pflegewissenschaft abgeschlossen. Danach sind die Absolventen in Einrichtungen wie Kliniken, Rehabilitationszentren, Pr\u00e4ventionszentren oder Altenheimen qualifiziert einsetzbar.<\/p>\n<p><span><img decoding=\"async\" alt=\"\" data-id=\"547\" data-init-width=\"1197\" data-init-height=\"798\" title=\"1197shutterstock_1133220305\" loading=\"lazy\" src=\"https:\/\/xn--pflegekrfte-plus-2nb.de\/wp-content\/uploads\/2022\/01\/1197shutterstock_1133220305.jpg\" data-width=\"1040\" data-height=\"693\" width=\"1040\" height=\"693\"><\/span><\/p>\n<p style=\"\"><strong>Personalvermittler f\u00fcr:<\/strong><\/p>\n<p style=\"text-align: justify;\">&#8211; <a href=\"https:\/\/xn--pflegekrfte-plus-2nb.de\/?page_id=576\" style=\"outline: currentcolor none medium;\">Gesundheits,- Kranken,- und Pflegefachkr\u00e4fte<\/a>&#8211; <a href=\"https:\/\/xn--pflegekrfte-plus-2nb.de\/?page_id=565\" style=\"outline: currentcolor none medium;\">\u00c4rzte<\/a>&#8211; <a href=\"https:\/\/xn--pflegekrfte-plus-2nb.de\/?page_id=571\" style=\"outline: currentcolor none medium;\">Apotheker<\/a>&#8211; <a href=\"https:\/\/xn--pflegekrfte-plus-2nb.de\/?page_id=509\" style=\"outline: currentcolor none medium;\">Physiotherapeuten<\/a><\/p>\n<p style=\"text-align: justify;\"><a href=\"https:\/\/xn--pflegekrfte-plus-2nb.de\/index.php\/pta\/\" target=\"_blank\" style=\"outline: currentcolor none medium;\" rel=\"noopener\">&#8211; Pharmazeutisch-technische Assistenten (PTA)<\/a><\/p>\n<p style=\"\"><span style=\"font-family: Lato;\"><strong>*Anmerkung:<\/strong><\/span><\/p>\n<p style=\"text-align: justify;\"><span style=\"font-style: normal;\">Gesundheits,- Kranken,- und Pflegefachkr\u00e4fte vermitteln wir nur an station\u00e4re Einrichtungen: Krankenh\u00e4user, medizinische Behandlungszentren sowie Pflege- und Seniorenheime o.\u00c4.<\/span><\/p>\n<h3 style=\"text-align: center;\"><span style=\"font-style: normal;\"><b><span style=\"font-family: Lato; font-weight: 400;\">Senden Sie uns das ausgef\u00fcllte Kontakt-Formular und wir beantworten Ihnen alle Fragen.<\/span><\/b><\/span><\/h3>\n<p><span><a href=\"https:\/\/xn--pflegekrfte-plus-2nb.de\/\"><img decoding=\"async\" alt=\"\" data-id=\"87\" data-init-width=\"660\" data-init-height=\"194\" title=\"Project\" loading=\"lazy\" src=\"https:\/\/xn--pflegekrfte-plus-2nb.de\/wp-content\/uploads\/2021\/08\/Project.jpg\" data-width=\"509\" data-height=\"150\" style=\"\" data-link-wrap=\"true\" width=\"509\" height=\"150\"><\/a><\/span><\/p>\n<p style=\"text-align: center;\"><strong>+49 2624 185416 0<\/strong><\/p>\n<p style=\"text-align: center;\"><a href=\"mailto:info@pflegekr%C3%A4fte-plus.de\" target=\"_blank\" style=\"outline: none;\" rel=\"noopener\"><strong>info@careservs.com<\/strong><\/a><\/p>\n<p style=\"text-align: center;\"><strong>Kleine Emser Stra\u00dfe 2<\/strong><\/p>\n<p style=\"text-align: center;\"><strong>56203 H\u00f6hr-Grenzhausen<\/strong><\/p>\n<p style=\"text-align: center;\"><strong>Germany<\/strong><\/p>\n<p style=\"text-align: left;\"><a href=\"https:\/\/xn--pflegekrfte-plus-2nb.de\/?page_id=279\" style=\"outline: currentcolor none medium;\">Kontakt<\/a> &nbsp; &nbsp; <a href=\"https:\/\/xn--pflegekrfte-plus-2nb.de\/?page_id=290\" style=\"outline: currentcolor none medium;\">Impressum<\/a>&nbsp; &nbsp; &nbsp;<a href=\"https:\/\/xn--pflegekrfte-plus-2nb.de\/?page_id=295\" style=\"outline: currentcolor none medium;\">Datenschutz <\/a><\/p>\n<p style=\"text-align: left;\"><span><span style=\"color: rgb(102, 102, 102);\">\u00a9 2022&nbsp;<\/span><\/span><span style=\"color: rgb(102, 102, 102);\"><span>Alle Rechte vorbehalten | CareServs GmbH<\/span><\/span><\/p>\n","protected":false},"excerpt":{"rendered":"<p>Startseite \u00dcber uns Dienstleistungen F\u00fcr Arbeitgeber F\u00fcr Arbeitnehmer Spezialisierung Ablauf der Vermittlung Team Kontakt Spezialisierung Warum vermitteln wir philippinische Fachkr\u00e4fte? Wir kennen seit drei Jahrzehnten die philippinische Kultur und die empathische Mentalit\u00e4t der Menschen. Die respektvolle, f\u00fcrsorgliche und wertsch\u00e4tzende sowie zuverl\u00e4ssige Art wird auch Sie \u00fcberzeugen. Besonderheit:&nbsp;Gesundheits,- Kranken,- und Pflegefachkr\u00e4fte* Die eigenfinanzierte vierj\u00e4hrige Ausbildung wird&hellip; <a class=\"more-link\" href=\"https:\/\/xn--pflegekrfte-plus-2nb.de\/index.php\/spezialisierung\/\"><span class=\"screen-reader-text\">Spezialisierung<\/span> weiterlesen<\/a><\/p>\n","protected":false},"author":1,"featured_media":0,"parent":0,"menu_order":0,"comment_status":"closed","ping_status":"closed","template":"","meta":{"footnotes":""},"_links":{"self":[{"href":"https:\/\/xn--pflegekrfte-plus-2nb.de\/index.php\/wp-json\/wp\/v2\/pages\/531"}],"collection":[{"href":"https:\/\/xn--pflegekrfte-plus-2nb.de\/index.php\/wp-json\/wp\/v2\/pages"}],"about":[{"href":"https:\/\/xn--pflegekrfte-plus-2nb.de\/index.php\/wp-json\/wp\/v2\/types\/page"}],"author":[{"embeddable":true,"href":"https:\/\/xn--pflegekrfte-plus-2nb.de\/index.php\/wp-json\/wp\/v2\/users\/1"}],"replies":[{"embeddable":true,"href":"https:\/\/xn--pflegekrfte-plus-2nb.de\/index.php\/wp-json\/wp\/v2\/comments?post=531"}],"version-history":[{"count":43,"href":"https:\/\/xn--pflegekrfte-plus-2nb.de\/index.php\/wp-json\/wp\/v2\/pages\/531\/revisions"}],"predecessor-version":[{"id":923,"href":"https:\/\/xn--pflegekrfte-plus-2nb.de\/index.php\/wp-json\/wp\/v2\/pages\/531\/revisions\/923"}],"wp:attachment":[{"href":"https:\/\/xn--pflegekrfte-plus-2nb.de\/index.php\/wp-json\/wp\/v2\/media?parent=531"}],"curies":[{"name":"wp","href":"https:\/\/api.w.org\/{rel}","templated":true}]}}