{"id":508,"date":"2022-02-02T09:54:08","date_gmt":"2022-02-02T09:54:08","guid":{"rendered":"https:\/\/xn--pflegekrfte-plus-2nb.de\/?page_id=508"},"modified":"2022-08-10T08:51:41","modified_gmt":"2022-08-10T08:51:41","slug":"fuer-arbeitnehmer","status":"publish","type":"page","link":"https:\/\/xn--pflegekrfte-plus-2nb.de\/index.php\/fuer-arbeitnehmer\/","title":{"rendered":"F\u00fcr Arbeitnehmer"},"content":{"rendered":"<p>  <span><a href=\"https:\/\/xn--pflegekrfte-plus-2nb.de\/\"><img decoding=\"async\" alt=\"\" data-id=\"51\" data-init-width=\"900\" data-init-height=\"197\" title=\"careserves 900x197\" src=\"https:\/\/xn--pflegekrfte-plus-2nb.de\/wp-content\/uploads\/2021\/08\/careserves-900x197-1.jpg\" data-width=\"571\" data-height=\"125\" style=\"\" data-link-wrap=\"true\" loading=\"lazy\" width=\"571\" height=\"125\"><\/a><\/span>   <a href=\"#\">   <\/a> <\/p>\n<ul id=\"m-17fa6cd4a16\" data-iid=\"10\">\n<li data-id=\"1\" data-item-display-desktop=\"text\" style=\"\"> <a href=\"https:\/\/pflegekr\u00e4fte-plus.de\/\" style=\"\"> <span>Startseite<\/span><\/a> <\/li>\n<li style=\"\" data-id=\"2\" data-item-display-desktop=\"text\"> <a href=\"https:\/\/pflegekr\u00e4fte-plus.de\/#tve-jump-17f7487a7ca\" style=\"\"> <span>\u00dcber uns<\/span><\/a> <\/li>\n<li data-id=\"3\" data-item-display-desktop=\"text\" style=\"\"> <a href=\"https:\/\/pflegekr\u00e4fte-plus.de\/#tve-jump-17f74a21824\" style=\"\"> <span>Dienstleistungen<\/span><span><\/span><\/a>\n<ul>\n<li data-id=\"5\" data-item-display-desktop=\"text\" style=\"\"> <a href=\"https:\/\/pflegekr\u00e4fte-plus.de\/index.php\/fuer-arbeitgeber\/\" style=\"\"><span data-icon=\"l0z49z4s\"><\/span><span> <span>  <\/span> <\/span> <span><strong><\/strong>F\u00fcr Arbeitgeber<\/span><\/a> <\/li>\n<li data-id=\"6\" data-item-display-desktop=\"text\" style=\"\"> <a href=\"https:\/\/xn--pflegekrfte-plus-2nb.de\/index.php\/fuer-arbeitnehmer\/\" style=\"\"><span data-icon=\"l0z49z4s\"><\/span><span> <span>  <\/span> <\/span> <span>F\u00fcr Arbeitnehmer<\/span><\/a> <\/li>\n<li data-id=\"4\" data-item-display-desktop=\"text\" style=\"\"> <a href=\"https:\/\/xn--pflegekrfte-plus-2nb.de\/index.php\/spezialisierung\/\" style=\"\"><span data-icon=\"l0z49z4s\"><\/span><span> <span>  <\/span> <\/span> <span>Spezialisierung<\/span><\/a> <\/li>\n<li data-id=\"7\" data-item-display-desktop=\"text\" style=\"\"> <a href=\"https:\/\/xn--pflegekrfte-plus-2nb.de\/index.php\/ablauf-vermittlung\/\" style=\"\"><span data-icon=\"l0z49z4s\"><\/span><span> <span>  <\/span> <\/span> <span>Ablauf der Vermittlung<\/span><\/a> <\/li>\n<\/ul>\n<\/li>\n<li data-id=\"8\" data-item-display-desktop=\"text\" style=\"\"> <a href=\"https:\/\/pflegekr\u00e4fte-plus.de\/#tve-jump-17fa6cf96cd\" style=\"\"> <span>Team<\/span><\/a> <\/li>\n<li data-id=\"9\" data-item-display-desktop=\"text\" style=\"\"> <a href=\"https:\/\/xn--pflegekrfte-plus-2nb.de\/index.php\/kontakt\/\" style=\"\"> <span>Kontakt<\/span><\/a> <\/li>\n<\/ul>\n<p style=\"text-align: center;\">F\u00fcr Arbeitnehmer<\/p>\n<p style=\"text-align: center;\"><b>Sie m\u00f6chten in Ihrem erlernten Gesundheits,- Kranken,- und Pflegefachberuf, als Arzt, Apotheker, Physiotherapeut oder als pharmazeutisch-technischer Assistent im Ausland arbeiten?<\/b><\/p>\n<p><span><img decoding=\"async\" alt=\"\" data-id=\"558\" data-init-width=\"1197\" data-init-height=\"780\" title=\"1197 -shutterstock_146147567\" loading=\"lazy\" src=\"https:\/\/xn--pflegekrfte-plus-2nb.de\/wp-content\/uploads\/2022\/01\/1197-shutterstock_146147567.jpg\" data-width=\"1040\" data-height=\"678\" width=\"1040\" height=\"678\"><\/span><\/p>\n<p style=\"\"><strong>Die Nachfrage<\/strong><\/p>\n<p style=\"text-align: justify;\">im Gesundheitssektor, f\u00fcr qualifizierte Fachkr\u00e4fte, in Deutschland steigt st\u00e4ndig. Gut ausgebildete ausl\u00e4ndische Fachkr\u00e4fte haben sehr gute M\u00f6glichkeiten, eine berufliche Karriere auf dem deutschen medizinischen und Gesundheits-Arbeitsmarkt zu starten.<\/p>\n<p><span><img decoding=\"async\" alt=\"\" data-id=\"140\" data-init-width=\"1195\" data-init-height=\"297\" title=\"shutterstock_414854557\" loading=\"lazy\" src=\"https:\/\/xn--pflegekrfte-plus-2nb.de\/wp-content\/uploads\/2021\/09\/shutterstock_414854557.jpg\" data-width=\"1040\" data-height=\"258\" width=\"1040\" height=\"258\"><\/span><\/p>\n<p style=\"\"><strong>Deutschland hat<\/strong><\/p>\n<p style=\"text-align: justify;\">ein modernes Wirtschaftssystem mit einem der besten Sozialsysteme der Welt. Der Mindestarbeitslohn ist gesetzlich geregelt und gesichert. Extradienste wie Nacht,- &nbsp;Wochenend,- und Feiertagsdienste werden zus\u00e4tzlich zum vereinbarten Gehalt entlohnt.<\/p>\n<p><span><img decoding=\"async\" alt=\"\" data-id=\"559\" data-init-width=\"1197\" data-init-height=\"798\" title=\"1197shutterstock_1418127359\" loading=\"lazy\" src=\"https:\/\/xn--pflegekrfte-plus-2nb.de\/wp-content\/uploads\/2022\/01\/1197shutterstock_1418127359.jpg\" data-width=\"1040\" data-height=\"693\" width=\"1040\" height=\"693\"><\/span><\/p>\n<p style=\"\"><strong>Wir bieten<\/strong><\/p>\n<p style=\"text-align: justify;\">Ihnen bei namhaften und angesehenen Arbeitgebern in Deutschland eine Basis f\u00fcr einen langfristigen und zukunftsf\u00e4higen Arbeitsplatz.<\/p>\n<p style=\"text-align: justify;\">Neben einem sicheren Arbeitsplatz bieten Ihnen viele Arbeitgeber Unterst\u00fctzung und M\u00f6glichkeiten f\u00fcr die berufliche\/fachliche Weiterbildung oder Spezialisierung. Auch die private pers\u00f6nliche Entwicklung und Lebensgestaltung bietet Ihnen vielf\u00e4ltige M\u00f6glichkeiten.<\/p>\n<p style=\"font-size: 30px !important;\"><b>Das Leben und Arbeiten im Ausland ist eine gro\u00dfe Herausforderung!<\/b><\/p>\n<p style=\"text-align: justify;\">Wir begleiten Sie w\u00e4hrend der gesamten Vermittlungszeit und dar\u00fcber hinaus mit einem intensiven pers\u00f6nlichen Betreuungskonzept.<\/p>\n<p style=\"text-align: justify;\">Sie haben durchgehend, vor und w\u00e4hrend Ihrer Besch\u00e4ftigung, eine Ansprechperson aus Ihrem Heimatland mit der Sie auch in Ihrer Muttersprache kommunizieren k\u00f6nnen. Diese Person steht Ihnen bei auftretenden Fragen und Anliegen zur Seite.<\/p>\n<p><span style=\"\"><img decoding=\"async\" alt=\"\" data-id=\"556\" data-init-width=\"1197\" data-init-height=\"367\" title=\"Panorama of a happy nurse with a stethoscope covering an elderly\" loading=\"lazy\" src=\"https:\/\/xn--pflegekrfte-plus-2nb.de\/wp-content\/uploads\/2022\/01\/1197-shutterstock_1103094797.jpg\" data-width=\"375\" data-height=\"115\" style=\"\" ml-d=\"-3.2660000000000196\" width=\"375\" height=\"115\"><\/span><\/p>\n<p style=\"\"><strong>Angefangen von<\/strong><\/p>\n<p style=\"text-align: justify;\">den formalen Schritten in ihrem Heimatland, dem notwendigen Deutschsprachkurs und anderen eventuell notwendigen Fachkursen. Die Vorbereitung der Reise nach Deutschland sowie alle n\u00f6tigen Einreise,- Arbeits,- und Aufenthaltsgenehmigiungen. Selbstverst\u00e4ndlich auch die Abholung am Flughafen sowie Transfer zu Ihrer neuen Wohn,- und Arbeitsstelle. Hilfe bei der ersten Orientierung am Wohn,- und Arbeitsort, Unterst\u00fctzung bei Beh\u00f6rdeng\u00e4ngen und bei der Suche nach geeigneten Bank,- Telefon,- Internet,- TV,- und Versicherungsanbietern.<\/p>\n<p><span><img decoding=\"async\" alt=\"\" data-id=\"637\" data-init-width=\"1197\" data-init-height=\"798\" title=\"Large,Diverse,Multiethnic,Medical,Team,Standing,Grouped,In,A,Circle\" loading=\"lazy\" src=\"https:\/\/xn--pflegekrfte-plus-2nb.de\/wp-content\/uploads\/2022\/02\/1197shutterstock_185575937.jpg\" data-width=\"1040\" data-height=\"693\" width=\"1040\" height=\"693\"><\/span><\/p>\n<p style=\"\"><span style=\"font-family: Lato;\"><strong>Bei einem pers\u00f6nlichen Termin beraten und informieren wir Sie ausf\u00fchrlich \u00fcber:<\/strong><\/span><\/p>\n<p>&#8211; Ihre pers\u00f6nlichen beruflichen und privaten M\u00f6glichkeiten<\/p>\n<p>&#8211; die Vorraussetzungen f\u00fcr die Vermittlung<\/p>\n<p>&#8211; den Ablauf der Vermittlung<\/p>\n<p>&#8211; Ihrem eventuellen zuk\u00fcnftigen Arbeitgeber<\/p>\n<p>&#8211; \u00fcber das Leben und Arbeiten in Deutschland<\/p>\n<p><span><img decoding=\"async\" alt=\"\" data-id=\"635\" data-init-width=\"1196\" data-init-height=\"283\" title=\"Medical,Staff,People,Group.,Team,Of,Doctor,And,Nurse,In\" loading=\"lazy\" src=\"https:\/\/xn--pflegekrfte-plus-2nb.de\/wp-content\/uploads\/2022\/02\/1197shutterstock_1202989183.jpg\" data-width=\"1040\" data-height=\"246\" width=\"1040\" height=\"246\"><\/span><\/p>\n<p style=\"text-align: center;\"><a href=\"https:\/\/xn--pflegekrfte-plus-2nb.de\/?page_id=839\" target=\"_blank\" style=\"outline: currentcolor none medium;\" rel=\"noopener\"><span style=\"font-family: Lato;\"><strong>Vereinbaren Sie mit uns Ihren pers\u00f6nlichen Beratungs<\/strong><\/span><span style=\"font-family: Lato;\"><strong>termin.<\/strong><\/span><\/a><\/p>\n<h3 style=\"text-align: center;\"><span style=\"font-style: normal;\"><b><span style=\"font-family: Lato; font-weight: 400;\">Senden Sie uns das ausgef\u00fcllte Kontakt-Formular und wir beantworten Ihnen alle Fragen.<\/span><\/b><\/span><\/h3>\n<p><span><a href=\"https:\/\/xn--pflegekrfte-plus-2nb.de\/\"><img decoding=\"async\" alt=\"\" data-id=\"87\" data-init-width=\"660\" data-init-height=\"194\" title=\"Project\" loading=\"lazy\" src=\"https:\/\/xn--pflegekrfte-plus-2nb.de\/wp-content\/uploads\/2021\/08\/Project.jpg\" data-width=\"509\" data-height=\"150\" style=\"\" data-link-wrap=\"true\" width=\"509\" height=\"150\"><\/a><\/span><\/p>\n<p style=\"text-align: center;\"><strong>+49 2624 185416 0<\/strong><\/p>\n<p style=\"text-align: center;\"><a href=\"mailto:info@pflegekr%C3%A4fte-plus.de\" target=\"_blank\" style=\"outline: none;\" rel=\"noopener\"><strong>info@careservs.com<\/strong><\/a><\/p>\n<p style=\"text-align: center;\"><strong>Kleine Emser Stra\u00dfe 2<\/strong><\/p>\n<p style=\"text-align: center;\"><strong>56203 H\u00f6hr-Grenzhausen<\/strong><\/p>\n<p style=\"text-align: center;\"><strong>Germany<\/strong><\/p>\n<p style=\"text-align: left;\"><a href=\"https:\/\/xn--pflegekrfte-plus-2nb.de\/?page_id=279\" style=\"outline: currentcolor none medium;\">Kontakt<\/a> &nbsp; &nbsp; <a href=\"https:\/\/xn--pflegekrfte-plus-2nb.de\/?page_id=290\" style=\"outline: none;\">Impressum<\/a>&nbsp; &nbsp; &nbsp;<a href=\"https:\/\/xn--pflegekrfte-plus-2nb.de\/?page_id=295\" style=\"outline: currentcolor none medium;\">Datenschutz <\/a><\/p>\n<p style=\"text-align: left;\"><span><span style=\"color: rgb(102, 102, 102);\">\u00a9 2022&nbsp;<\/span><\/span><span style=\"color: rgb(102, 102, 102);\"><span>Alle Rechte vorbehalten | CareServs GmbH<\/span><\/span><\/p>\n","protected":false},"excerpt":{"rendered":"<p>Startseite \u00dcber uns Dienstleistungen F\u00fcr Arbeitgeber F\u00fcr Arbeitnehmer Spezialisierung Ablauf der Vermittlung Team Kontakt F\u00fcr Arbeitnehmer Sie m\u00f6chten in Ihrem erlernten Gesundheits,- Kranken,- und Pflegefachberuf, als Arzt, Apotheker, Physiotherapeut oder als pharmazeutisch-technischer Assistent im Ausland arbeiten? Die Nachfrage im Gesundheitssektor, f\u00fcr qualifizierte Fachkr\u00e4fte, in Deutschland steigt st\u00e4ndig. Gut ausgebildete ausl\u00e4ndische Fachkr\u00e4fte haben sehr gute M\u00f6glichkeiten,&hellip; <a class=\"more-link\" href=\"https:\/\/xn--pflegekrfte-plus-2nb.de\/index.php\/fuer-arbeitnehmer\/\"><span class=\"screen-reader-text\">F\u00fcr Arbeitnehmer<\/span> weiterlesen<\/a><\/p>\n","protected":false},"author":1,"featured_media":0,"parent":0,"menu_order":0,"comment_status":"closed","ping_status":"closed","template":"","meta":{"footnotes":""},"_links":{"self":[{"href":"https:\/\/xn--pflegekrfte-plus-2nb.de\/index.php\/wp-json\/wp\/v2\/pages\/508"}],"collection":[{"href":"https:\/\/xn--pflegekrfte-plus-2nb.de\/index.php\/wp-json\/wp\/v2\/pages"}],"about":[{"href":"https:\/\/xn--pflegekrfte-plus-2nb.de\/index.php\/wp-json\/wp\/v2\/types\/page"}],"author":[{"embeddable":true,"href":"https:\/\/xn--pflegekrfte-plus-2nb.de\/index.php\/wp-json\/wp\/v2\/users\/1"}],"replies":[{"embeddable":true,"href":"https:\/\/xn--pflegekrfte-plus-2nb.de\/index.php\/wp-json\/wp\/v2\/comments?post=508"}],"version-history":[{"count":18,"href":"https:\/\/xn--pflegekrfte-plus-2nb.de\/index.php\/wp-json\/wp\/v2\/pages\/508\/revisions"}],"predecessor-version":[{"id":922,"href":"https:\/\/xn--pflegekrfte-plus-2nb.de\/index.php\/wp-json\/wp\/v2\/pages\/508\/revisions\/922"}],"wp:attachment":[{"href":"https:\/\/xn--pflegekrfte-plus-2nb.de\/index.php\/wp-json\/wp\/v2\/media?parent=508"}],"curies":[{"name":"wp","href":"https:\/\/api.w.org\/{rel}","templated":true}]}}