{"id":466,"date":"2022-02-02T09:55:25","date_gmt":"2022-02-02T09:55:25","guid":{"rendered":"https:\/\/xn--pflegekrfte-plus-2nb.de\/?page_id=466"},"modified":"2022-03-22T17:30:36","modified_gmt":"2022-03-22T17:30:36","slug":"ablauf-vermittlung","status":"publish","type":"page","link":"https:\/\/xn--pflegekrfte-plus-2nb.de\/index.php\/ablauf-vermittlung\/","title":{"rendered":"Ablauf-vermittlung"},"content":{"rendered":"<p>  <span><a href=\"https:\/\/xn--pflegekrfte-plus-2nb.de\/\"><img decoding=\"async\" alt=\"\" data-id=\"51\" data-init-width=\"900\" data-init-height=\"197\" title=\"careserves 900x197\" src=\"https:\/\/xn--pflegekrfte-plus-2nb.de\/wp-content\/uploads\/2021\/08\/careserves-900x197-1.jpg\" data-width=\"571\" data-height=\"125\" style=\"\" data-link-wrap=\"true\" loading=\"lazy\" width=\"571\" height=\"125\"><\/a><\/span>   <a href=\"#\">   <\/a> <\/p>\n<ul id=\"m-17fa6cd4a16\" data-iid=\"10\">\n<li data-id=\"1\" data-item-display-desktop=\"text\" style=\"\"> <a href=\"https:\/\/pflegekr\u00e4fte-plus.de\/\" style=\"\"> <span>Startseite<\/span><\/a> <\/li>\n<li style=\"\" data-id=\"2\" data-item-display-desktop=\"text\"> <a href=\"https:\/\/pflegekr\u00e4fte-plus.de\/#tve-jump-17f7487a7ca\" style=\"\"> <span>\u00dcber uns<\/span><\/a> <\/li>\n<li data-id=\"3\" data-item-display-desktop=\"text\" style=\"\"> <a href=\"https:\/\/pflegekr\u00e4fte-plus.de\/#tve-jump-17f74a21824\" style=\"\"> <span>Dienstleistungen<\/span><span><\/span><\/a>\n<ul>\n<li data-id=\"5\" data-item-display-desktop=\"text\" style=\"\"> <a href=\"https:\/\/pflegekr\u00e4fte-plus.de\/index.php\/fuer-arbeitgeber\/\" style=\"\"><span data-icon=\"l0z49z4s\"><\/span><span> <span>  <\/span> <\/span> <span><strong><\/strong>F\u00fcr Arbeitgeber<\/span><\/a> <\/li>\n<li data-id=\"6\" data-item-display-desktop=\"text\" style=\"\"> <a href=\"https:\/\/xn--pflegekrfte-plus-2nb.de\/index.php\/fuer-arbeitnehmer\/\" style=\"\"><span data-icon=\"l0z49z4s\"><\/span><span> <span>  <\/span> <\/span> <span>F\u00fcr Arbeitnehmer<\/span><\/a> <\/li>\n<li data-id=\"4\" data-item-display-desktop=\"text\" style=\"\"> <a href=\"https:\/\/xn--pflegekrfte-plus-2nb.de\/index.php\/spezialisierung\/\" style=\"\"><span data-icon=\"l0z49z4s\"><\/span><span> <span>  <\/span> <\/span> <span>Spezialisierung<\/span><\/a> <\/li>\n<li data-id=\"7\" data-item-display-desktop=\"text\" style=\"\"> <a href=\"https:\/\/xn--pflegekrfte-plus-2nb.de\/index.php\/ablauf-vermittlung\/\" style=\"\"><span data-icon=\"l0z49z4s\"><\/span><span> <span>  <\/span> <\/span> <span>Ablauf der Vermittlung<\/span><\/a> <\/li>\n<\/ul>\n<\/li>\n<li data-id=\"8\" data-item-display-desktop=\"text\" style=\"\"> <a href=\"https:\/\/pflegekr\u00e4fte-plus.de\/#tve-jump-17fa6cf96cd\" style=\"\"> <span>Team<\/span><\/a> <\/li>\n<li data-id=\"9\" data-item-display-desktop=\"text\" style=\"\"> <a href=\"https:\/\/xn--pflegekrfte-plus-2nb.de\/index.php\/kontakt\/\" style=\"\"> <span>Kontakt<\/span><\/a> <\/li>\n<\/ul>\n<p style=\"text-align: center;\">Vermittlung in 9 Schritten<\/p>\n<p style=\"text-align: center;\">\n<p>1<\/p>\n<p style=\"\">Pers\u00f6nliches Beratungsgespr\u00e4ch<\/p>\n<p style=\"\">und Bedarfsermittlung<\/p>\n<p>4<\/p>\n<p style=\"\"><span style=\"\">Abschluss Arbeitsvertrag<\/span><\/p>\n<p>7<\/p>\n<p style=\"\">Flug nach Deutschland<\/p>\n<p style=\"\">und Begr\u00fc\u00dfung<\/p>\n<p>2<\/p>\n<p style=\"\">Bewerberauswahl<\/p>\n<p>5<\/p>\n<p style=\"\">Beginn der Sprachausbildung<\/p>\n<p style=\"\">(soweit noch nicht erfolgt)<\/p>\n<p>8<\/p>\n<p style=\"\">Beginn der Arbeitst\u00e4tigkeit<\/p>\n<p>3<\/p>\n<p style=\"\">Bewerber Vorstellung durch Videokonferenz<\/p>\n<p>6<\/p>\n<p style=\"\">Arbeitsmarktzulassung und Visum nach bestandener Sprachpr\u00fcfung<\/p>\n<p>9<\/p>\n<p style=\"\">Betreuung und Integrationshilfe<\/p>\n<h3 style=\"text-align: center;\">Vereinbaren Sie Ihr kostenloses und unverbindliches Beratungsgespr\u00e4ch.<\/h3>\n<p><span><a href=\"https:\/\/xn--pflegekrfte-plus-2nb.de\/\"><img decoding=\"async\" alt=\"\" data-id=\"87\" data-init-width=\"660\" data-init-height=\"194\" title=\"Project\" loading=\"lazy\" src=\"https:\/\/xn--pflegekrfte-plus-2nb.de\/wp-content\/uploads\/2021\/08\/Project.jpg\" data-width=\"509\" data-height=\"150\" style=\"\" data-link-wrap=\"true\" width=\"509\" height=\"150\"><\/a><\/span><\/p>\n<p style=\"text-align: center;\"><strong>+49 2624 185416 0<\/strong><\/p>\n<p style=\"text-align: center;\"><a href=\"mailto:info@pflegekr%C3%A4fte-plus.de\" target=\"_blank\" style=\"outline: none;\" rel=\"noopener\"><strong>info@careservs.com<\/strong><\/a><\/p>\n<p style=\"text-align: center;\"><strong>Kleine Emser Stra\u00dfe 2<\/strong><\/p>\n<p style=\"text-align: center;\"><strong>56203 H\u00f6hr-Grenzhausen<\/strong><\/p>\n<p style=\"text-align: center;\"><strong>Germany<\/strong><\/p>\n<p style=\"text-align: left;\"><a href=\"https:\/\/xn--pflegekrfte-plus-2nb.de\/?page_id=279\" style=\"outline: none;\">Kontakt<\/a> &nbsp; &nbsp; <a href=\"https:\/\/xn--pflegekrfte-plus-2nb.de\/?page_id=290\" style=\"outline: currentcolor none medium;\">Impressum<\/a>&nbsp; &nbsp; &nbsp;<a href=\"https:\/\/xn--pflegekrfte-plus-2nb.de\/?page_id=295\" style=\"outline: currentcolor none medium;\">Datenschutz <\/a><\/p>\n<p style=\"text-align: left;\"><span><span style=\"color: rgb(102, 102, 102);\">\u00a9 2022&nbsp;<\/span><\/span><span style=\"color: rgb(102, 102, 102);\"><span>Alle Rechte vorbehalten | CareServs GmbH<\/span><\/span><\/p>\n","protected":false},"excerpt":{"rendered":"<p>Startseite \u00dcber uns Dienstleistungen F\u00fcr Arbeitgeber F\u00fcr Arbeitnehmer Spezialisierung Ablauf der Vermittlung Team Kontakt Vermittlung in 9 Schritten 1 Pers\u00f6nliches Beratungsgespr\u00e4ch und Bedarfsermittlung 4 Abschluss Arbeitsvertrag 7 Flug nach Deutschland und Begr\u00fc\u00dfung 2 Bewerberauswahl 5 Beginn der Sprachausbildung (soweit noch nicht erfolgt) 8 Beginn der Arbeitst\u00e4tigkeit 3 Bewerber Vorstellung durch Videokonferenz 6 Arbeitsmarktzulassung und Visum&hellip; <a class=\"more-link\" href=\"https:\/\/xn--pflegekrfte-plus-2nb.de\/index.php\/ablauf-vermittlung\/\"><span class=\"screen-reader-text\">Ablauf-vermittlung<\/span> weiterlesen<\/a><\/p>\n","protected":false},"author":1,"featured_media":0,"parent":0,"menu_order":0,"comment_status":"closed","ping_status":"closed","template":"","meta":{"footnotes":""},"_links":{"self":[{"href":"https:\/\/xn--pflegekrfte-plus-2nb.de\/index.php\/wp-json\/wp\/v2\/pages\/466"}],"collection":[{"href":"https:\/\/xn--pflegekrfte-plus-2nb.de\/index.php\/wp-json\/wp\/v2\/pages"}],"about":[{"href":"https:\/\/xn--pflegekrfte-plus-2nb.de\/index.php\/wp-json\/wp\/v2\/types\/page"}],"author":[{"embeddable":true,"href":"https:\/\/xn--pflegekrfte-plus-2nb.de\/index.php\/wp-json\/wp\/v2\/users\/1"}],"replies":[{"embeddable":true,"href":"https:\/\/xn--pflegekrfte-plus-2nb.de\/index.php\/wp-json\/wp\/v2\/comments?post=466"}],"version-history":[{"count":29,"href":"https:\/\/xn--pflegekrfte-plus-2nb.de\/index.php\/wp-json\/wp\/v2\/pages\/466\/revisions"}],"predecessor-version":[{"id":845,"href":"https:\/\/xn--pflegekrfte-plus-2nb.de\/index.php\/wp-json\/wp\/v2\/pages\/466\/revisions\/845"}],"wp:attachment":[{"href":"https:\/\/xn--pflegekrfte-plus-2nb.de\/index.php\/wp-json\/wp\/v2\/media?parent=466"}],"curies":[{"name":"wp","href":"https:\/\/api.w.org\/{rel}","templated":true}]}}