{"id":279,"date":"2021-09-28T11:55:56","date_gmt":"2021-09-28T11:55:56","guid":{"rendered":"https:\/\/xn--pflegekrfte-plus-2nb.de\/?page_id=279"},"modified":"2022-03-22T17:32:45","modified_gmt":"2022-03-22T17:32:45","slug":"kontakt","status":"publish","type":"page","link":"https:\/\/xn--pflegekrfte-plus-2nb.de\/index.php\/kontakt\/","title":{"rendered":"Kontakt"},"content":{"rendered":"<p><span><img decoding=\"async\" alt=\"\" title=\"pflegekr\u00e4fteplus\" data-id=\"247\" src=\"https:\/\/xn--pflegekrfte-plus-2nb.de\/wp-content\/uploads\/2021\/09\/pflegekraefteplus.jpg\" style=\"\" data-init-width=\"1719\" data-init-height=\"479\" loading=\"lazy\" width=\"1719\" height=\"479\"><\/span>  <span><a href=\"https:\/\/xn--pflegekrfte-plus-2nb.de\/\"><img decoding=\"async\" alt=\"\" data-id=\"51\" data-init-width=\"900\" data-init-height=\"197\" title=\"careserves 900x197\" src=\"https:\/\/xn--pflegekrfte-plus-2nb.de\/wp-content\/uploads\/2021\/08\/careserves-900x197-1.jpg\" data-width=\"571\" data-height=\"125\" style=\"\" data-link-wrap=\"true\" loading=\"lazy\" width=\"571\" height=\"125\"><\/a><\/span>   <a href=\"#\">   <\/a> <\/p>\n<ul id=\"m-17fa6cd4a16\" data-iid=\"10\">\n<li data-id=\"1\" data-item-display-desktop=\"text\" style=\"\"> <a href=\"https:\/\/pflegekr\u00e4fte-plus.de\/\" style=\"\"> <span>Startseite<\/span><\/a> <\/li>\n<li style=\"\" data-id=\"2\" data-item-display-desktop=\"text\"> <a href=\"https:\/\/pflegekr\u00e4fte-plus.de\/#tve-jump-17f7487a7ca\" style=\"\"> <span>\u00dcber uns<\/span><\/a> <\/li>\n<li data-id=\"3\" data-item-display-desktop=\"text\" style=\"\"> <a href=\"https:\/\/pflegekr\u00e4fte-plus.de\/#tve-jump-17f74a21824\" style=\"\"> <span>Dienstleistungen<\/span><span><\/span><\/a>\n<ul>\n<li data-id=\"5\" data-item-display-desktop=\"text\" style=\"\"> <a href=\"https:\/\/pflegekr\u00e4fte-plus.de\/index.php\/fuer-arbeitgeber\/\" style=\"\"><span data-icon=\"l0z49z4s\"><\/span><span> <span>  <\/span> <\/span> <span><strong><\/strong>F\u00fcr Arbeitgeber<\/span><\/a> <\/li>\n<li data-id=\"6\" data-item-display-desktop=\"text\" style=\"\"> <a href=\"https:\/\/xn--pflegekrfte-plus-2nb.de\/index.php\/fuer-arbeitnehmer\/\" style=\"\"><span data-icon=\"l0z49z4s\"><\/span><span> <span>  <\/span> <\/span> <span>F\u00fcr Arbeitnehmer<\/span><\/a> <\/li>\n<li data-id=\"4\" data-item-display-desktop=\"text\" style=\"\"> <a href=\"https:\/\/xn--pflegekrfte-plus-2nb.de\/index.php\/spezialisierung\/\" style=\"\"><span data-icon=\"l0z49z4s\"><\/span><span> <span>  <\/span> <\/span> <span>Spezialisierung<\/span><\/a> <\/li>\n<li data-id=\"7\" data-item-display-desktop=\"text\" style=\"\"> <a href=\"https:\/\/xn--pflegekrfte-plus-2nb.de\/index.php\/ablauf-vermittlung\/\" style=\"\"><span data-icon=\"l0z49z4s\"><\/span><span> <span>  <\/span> <\/span> <span>Ablauf der Vermittlung<\/span><\/a> <\/li>\n<\/ul>\n<\/li>\n<li data-id=\"8\" data-item-display-desktop=\"text\" style=\"\"> <a href=\"https:\/\/pflegekr\u00e4fte-plus.de\/#tve-jump-17fa6cf96cd\" style=\"\"> <span>Team<\/span><\/a> <\/li>\n<li data-id=\"9\" data-item-display-desktop=\"text\" style=\"\"> <a href=\"https:\/\/xn--pflegekrfte-plus-2nb.de\/index.php\/kontakt\/\" style=\"\"> <span>Kontakt<\/span><\/a> <\/li>\n<\/ul>\n<p style=\"text-align: center;\">Kontakt<\/p>\n<p style=\"text-align: center;\">Hinterlassen Sie uns eine Nachricht bez\u00fcglich Ihres Anliegen. Wir melden uns bei ihnen!<\/p>\n<p style=\"font-size: 22px !important;\">Kontakt&nbsp;<\/p>\n<p>CareServs GmbH<\/p>\n<p>Kleine Emser Stra\u00dfe 2<\/p>\n<p>D 56203 H\u00f6hr-Grenzhausen<\/p>\n<\/p>\n<p>Tel.: +49 2624 1854160<\/p>\n<p>E-Mail: info@careservs.com<\/p>\n<p><span><a href=\"https:\/\/xn--pflegekrfte-plus-2nb.de\/\"><img decoding=\"async\" alt=\"\" data-id=\"87\" data-init-width=\"660\" data-init-height=\"194\" title=\"Project\" loading=\"lazy\" src=\"https:\/\/xn--pflegekrfte-plus-2nb.de\/wp-content\/uploads\/2021\/08\/Project.jpg\" data-width=\"509\" data-height=\"150\" style=\"\" width=\"509\" height=\"150\" data-link-wrap=\"true\"><\/a><\/span><\/p>\n<p style=\"text-align: center;\"><strong>+49 2624 185416 0<\/strong><\/p>\n<p style=\"text-align: center;\"><a href=\"mailto:info@pflegekr%C3%A4fte-plus.de\" target=\"_blank\" style=\"outline: none;\" rel=\"noopener\"><strong>info@careservs.com<\/strong><\/a><\/p>\n<p style=\"text-align: center;\"><strong>Kleine Emser Stra\u00dfe 2<\/strong><\/p>\n<p style=\"text-align: center;\"><strong>56203 H\u00f6hr-Grenzhausen<\/strong><\/p>\n<p style=\"text-align: center;\"><strong>Germany<\/strong><\/p>\n<p style=\"text-align: left;\"><a href=\"https:\/\/xn--pflegekrfte-plus-2nb.de\/?page_id=279\" style=\"outline: currentcolor none medium;\">Kontakt<\/a>&nbsp; &nbsp; &nbsp;<a href=\"https:\/\/xn--pflegekrfte-plus-2nb.de\/?page_id=290\" style=\"outline: currentcolor none medium;\">Impressum<\/a>&nbsp; &nbsp; &nbsp;<a href=\"https:\/\/xn--pflegekrfte-plus-2nb.de\/?page_id=295\" style=\"outline: currentcolor none medium;\">Datenschutz<\/a> &nbsp;&nbsp;<\/p>\n<p style=\"text-align: left;\"><span><span style=\"color: rgb(102, 102, 102);\">\u00a9 2022&nbsp;<\/span><\/span><span style=\"color: rgb(102, 102, 102);\"><span>Alle Rechte vorbehalten | CareServs GmbH<\/span><\/span><\/p>\n","protected":false},"excerpt":{"rendered":"<p>Startseite \u00dcber uns Dienstleistungen F\u00fcr Arbeitgeber F\u00fcr Arbeitnehmer Spezialisierung Ablauf der Vermittlung Team Kontakt Kontakt Hinterlassen Sie uns eine Nachricht bez\u00fcglich Ihres Anliegen. Wir melden uns bei ihnen! Kontakt&nbsp; CareServs GmbH Kleine Emser Stra\u00dfe 2 D 56203 H\u00f6hr-Grenzhausen Tel.: +49 2624 1854160 E-Mail: info@careservs.com +49 2624 185416 0 info@careservs.com Kleine Emser Stra\u00dfe 2 56203 H\u00f6hr-Grenzhausen&hellip; <a class=\"more-link\" href=\"https:\/\/xn--pflegekrfte-plus-2nb.de\/index.php\/kontakt\/\"><span class=\"screen-reader-text\">Kontakt<\/span> weiterlesen<\/a><\/p>\n","protected":false},"author":1,"featured_media":0,"parent":0,"menu_order":0,"comment_status":"closed","ping_status":"closed","template":"","meta":{"footnotes":""},"_links":{"self":[{"href":"https:\/\/xn--pflegekrfte-plus-2nb.de\/index.php\/wp-json\/wp\/v2\/pages\/279"}],"collection":[{"href":"https:\/\/xn--pflegekrfte-plus-2nb.de\/index.php\/wp-json\/wp\/v2\/pages"}],"about":[{"href":"https:\/\/xn--pflegekrfte-plus-2nb.de\/index.php\/wp-json\/wp\/v2\/types\/page"}],"author":[{"embeddable":true,"href":"https:\/\/xn--pflegekrfte-plus-2nb.de\/index.php\/wp-json\/wp\/v2\/users\/1"}],"replies":[{"embeddable":true,"href":"https:\/\/xn--pflegekrfte-plus-2nb.de\/index.php\/wp-json\/wp\/v2\/comments?post=279"}],"version-history":[{"count":101,"href":"https:\/\/xn--pflegekrfte-plus-2nb.de\/index.php\/wp-json\/wp\/v2\/pages\/279\/revisions"}],"predecessor-version":[{"id":851,"href":"https:\/\/xn--pflegekrfte-plus-2nb.de\/index.php\/wp-json\/wp\/v2\/pages\/279\/revisions\/851"}],"wp:attachment":[{"href":"https:\/\/xn--pflegekrfte-plus-2nb.de\/index.php\/wp-json\/wp\/v2\/media?parent=279"}],"curies":[{"name":"wp","href":"https:\/\/api.w.org\/{rel}","templated":true}]}}