{"id":262,"date":"2021-09-28T11:55:34","date_gmt":"2021-09-28T11:55:34","guid":{"rendered":"https:\/\/xn--pflegekrfte-plus-2nb.de\/?page_id=262"},"modified":"2024-01-17T10:20:24","modified_gmt":"2024-01-17T10:20:24","slug":"hauptseite","status":"publish","type":"page","link":"https:\/\/xn--pflegekrfte-plus-2nb.de\/","title":{"rendered":"Hauptseite"},"content":{"rendered":"<p>  <span><a href=\"https:\/\/xn--pflegekrfte-plus-2nb.de\/\"><img decoding=\"async\" alt=\"\" data-id=\"51\" data-init-width=\"900\" data-init-height=\"197\" title=\"careserves 900x197\" src=\"https:\/\/xn--pflegekrfte-plus-2nb.de\/wp-content\/uploads\/2021\/08\/careserves-900x197-1.jpg\" data-width=\"571\" data-height=\"125\" style=\"\" data-link-wrap=\"true\" loading=\"lazy\" width=\"571\" height=\"125\"><\/a><\/span>   <a href=\"#\">   <\/a> <\/p>\n<ul id=\"m-17fa6bea768\" data-iid=\"10\" style=\"z-index: 12;\">\n<li data-id=\"1\" data-item-display-desktop=\"text\" style=\"\"> <a href=\"https:\/\/pflegekr\u00e4fte-plus.de\/\" style=\"\"> <span>Startseite<\/span><\/a> <\/li>\n<li style=\"\" data-id=\"2\" data-item-display-desktop=\"text\"> <a href=\"#tve-jump-17f7487a7ca\" style=\"\"> <span>\u00dcber uns<\/span><\/a> <\/li>\n<li data-id=\"3\" data-item-display-desktop=\"text\" style=\"\"> <a href=\"#tve-jump-17f74a21824\" style=\"\"> <span>Dienstleistungen<\/span><span><\/span><\/a>\n<ul style=\"z-index: 13;\">\n<li data-id=\"5\" data-item-display-desktop=\"text\" style=\"\"> <a href=\"https:\/\/pflegekr\u00e4fte-plus.de\/index.php\/fuer-arbeitgeber\/\" style=\"\"><span data-icon=\"l0z3pf1r\"><\/span><span> <span>  <\/span> <\/span> <span><strong><\/strong>F\u00fcr Arbeitgeber<\/span><\/a> <\/li>\n<li data-id=\"6\" data-item-display-desktop=\"text\" style=\"\"> <a href=\"https:\/\/xn--pflegekrfte-plus-2nb.de\/index.php\/fuer-arbeitnehmer\/\" style=\"\"><span data-icon=\"l0z3pf1r\"><\/span><span> <span>  <\/span> <\/span> <span>F\u00fcr Arbeitnehmer<\/span><\/a> <\/li>\n<li data-id=\"4\" data-item-display-desktop=\"text\" style=\"\"> <a href=\"https:\/\/xn--pflegekrfte-plus-2nb.de\/index.php\/spezialisierung\/\" style=\"\"><span data-icon=\"l0z3pf1r\"><\/span><span> <span>  <\/span> <\/span> <span>Spezialisierung<\/span><\/a> <\/li>\n<li data-id=\"7\" data-item-display-desktop=\"text\" style=\"\"> <a href=\"https:\/\/xn--pflegekrfte-plus-2nb.de\/index.php\/ablauf-vermittlung\/\" style=\"\"><span data-icon=\"l0z3pf1r\"><\/span><span> <span>  <\/span> <\/span> <span>Ablauf der Vermittlung<\/span><\/a> <\/li>\n<\/ul>\n<\/li>\n<li data-id=\"8\" data-item-display-desktop=\"text\" style=\"\"> <a href=\"#tve-jump-17fa6cf96cd\" style=\"\"> <span>Team<\/span><\/a> <\/li>\n<li data-id=\"9\" data-item-display-desktop=\"text\" style=\"\"> <a href=\"https:\/\/xn--pflegekrfte-plus-2nb.de\/index.php\/kontakt\/\" style=\"\"> <span>Kontakt<\/span><\/a> <\/li>\n<\/ul>\n<p>  <span><img decoding=\"async\" alt=\"\" data-id=\"131\" data-init-width=\"1197\" data-init-height=\"798\" title=\"Startseite 1197x798\" loading=\"lazy\" src=\"https:\/\/xn--pflegekrfte-plus-2nb.de\/wp-content\/uploads\/2021\/09\/Startseite-1197x798-1.jpg\" data-width=\"600\" data-height=\"400\" style=\"aspect-ratio: auto 1197 \/ 798;\" width=\"600\" height=\"400\"><\/span><\/p>\n<p style=\"text-align: center;\">Herzlich Willkommen<\/p>\n<p style=\"text-align: center;\" id=\"tve-jump-17f7487a7ca\">Als Personalvermittler im Gesundheitssektor helfen wir Ihnen bei der Suche nach ausl\u00e4ndischen<\/p>\n<p style=\"text-align: center;\">Gesundheits,- Kranken,- und Pflegefachkr\u00e4ften, \u00c4rzten, Apothekern, Physiotherapeuten und<\/p>\n<p style=\"text-align: center;\">Pharmazeutisch-technische Assistenten (PTA).<\/p>\n<p style=\"\">Unsere Unternehmenskultur<\/p>\n<p><span><img decoding=\"async\" alt=\"\" data-id=\"125\" data-init-width=\"1000\" data-init-height=\"563\" title=\"2MB_shutterstock_1095905027\" loading=\"lazy\" src=\"https:\/\/xn--pflegekrfte-plus-2nb.de\/wp-content\/uploads\/2021\/08\/2MB_shutterstock_1095905027.jpg\" data-width=\"327\" data-height=\"184\" style=\"aspect-ratio: auto 1000 \/ 563;\" width=\"327\" height=\"184\"><\/span><\/p>\n<p style=\"\"><strong>Wir sind<\/strong><\/p>\n<p style=\"text-align: justify;\">ein Inhaber gef\u00fchrtes Unternehmen. Seit 1993 sind die Firmengr\u00fcnder beruflich in der Welt unterwegs. Bereits 2008 begann die Vermittlung von philippinischen Pflegefachkr\u00e4ften nach Gro\u00dfbritannien.<\/p>\n<p><span><img decoding=\"async\" alt=\"\" data-id=\"561\" data-init-width=\"1197\" data-init-height=\"798\" title=\"1197 shutterstock_606479687\" loading=\"lazy\" src=\"https:\/\/xn--pflegekrfte-plus-2nb.de\/wp-content\/uploads\/2022\/01\/1197-shutterstock_606479687.jpg\" data-width=\"1040\" data-height=\"693\" style=\"aspect-ratio: auto 1197 \/ 798;\" width=\"1040\" height=\"693\"><\/span><\/p>\n<p style=\"\"><strong>Was machen wir?<\/strong><\/p>\n<p style=\"text-align: justify;\">Ende 2018 wurde mit der Vermittlung f\u00fcr das deutsche Gesundheit und Pflegewesen begonnen. Wir beraten und unterst\u00fctzen Sie bei der Auswahl und Vermittlung von ausl\u00e4ndischen Gesundheits,- Kranken,- und Pflegefachkr\u00e4ften sowie von medizinischem Fachpersonal f\u00fcr Ihre Einrichtung.<\/p>\n<p><span><img decoding=\"async\" alt=\"\" data-id=\"136\" data-init-width=\"1197\" data-init-height=\"798\" title=\"shutterstock_155442365\" loading=\"lazy\" src=\"https:\/\/xn--pflegekrfte-plus-2nb.de\/wp-content\/uploads\/2021\/09\/shutterstock_155442365.jpg\" data-width=\"1040\" data-height=\"693\" style=\"aspect-ratio: auto 1197 \/ 798;\" width=\"1040\" height=\"693\"><\/span><\/p>\n<p style=\"\"><strong>Wen vermitteln wir?<\/strong><\/p>\n<p style=\"text-align: justify;\">Schwerpunktm\u00e4\u00dfig werden philippinische, portugiesische und tunesische Arbeitnehmer vermittelt. Das Portfolio umfasst Gesundheits,- Kranken,- und Pflegefachkr\u00e4fte, \u00c4rzte, Apotheker, Physiotherapeuten und Pharmazeutisch-technische Assistenten (PTA).<\/p>\n<p style=\"\"><strong>Verantwortung<\/strong><strong><\/strong><strong><\/strong><\/p>\n<p style=\"text-align: justify;\">Im Vordergrund steht der Mensch. Dazu geh\u00f6rt f\u00fcr uns ein wertsch\u00e4tzender, respektvoller Umgang miteinander. Wir stehen f\u00fcr Toleranz, gegenseitigen Respekt, Achtung der Menschenw\u00fcrde und gesellschaftlicher Vielfalt. Dazu geh\u00f6rt gegenseitige Akzeptanz, R\u00fccksichtnahme, die Integration von Minderheiten in die Gesellschaft und Verst\u00e4ndnis f\u00fcreinander. Damit sichern wir heute und in Zukunft eine positive Zusammenarbeit.<\/p>\n<p><span><img decoding=\"async\" alt=\"\" data-id=\"135\" data-init-width=\"1197\" data-init-height=\"797\" title=\"shutterstock_616485443\" loading=\"lazy\" src=\"https:\/\/xn--pflegekrfte-plus-2nb.de\/wp-content\/uploads\/2021\/09\/shutterstock_616485443.jpg\" data-width=\"347\" data-height=\"231\" style=\"aspect-ratio: auto 1197 \/ 797;\" width=\"347\" height=\"231\"><\/span><span><img decoding=\"async\" alt=\"\" data-id=\"247\" data-init-width=\"1719\" data-init-height=\"479\" title=\"pflegekr\u00e4fteplus\" loading=\"lazy\" src=\"https:\/\/xn--pflegekrfte-plus-2nb.de\/wp-content\/uploads\/2021\/09\/pflegekraefteplus.jpg\" data-width=\"509\" data-height=\"142\" style=\"aspect-ratio: auto 1719 \/ 479;\" width=\"509\" height=\"142\"><\/span><\/p>\n<p style=\"\"><strong>Wir bieten<\/strong><\/p>\n<p style=\"text-align: left;\">als Dienstleister den h\u00f6chstm\u00f6glichen Mehrwert f\u00fcr alle Bewerber und der jeweiligen Einrichtung. Wir begleiten Sie und die Bewerber von der Vorauswahl bis zur Arbeitsaufnahme und w\u00e4hrend der gesamten Anerkennungs,- Approbations,- und Integrationsphase.<\/p>\n<p style=\"\"><strong><strong>Interview<\/strong><\/strong><\/p>\n<p>Vorab haben Sie die M\u00f6glichkeit per Videotelefonie, mit uns zusammen, ein Bewerbungsgespr\u00e4ch mit Ihrem Bewerber zu f\u00fchren.<\/p>\n<p style=\"\"><strong>Anreise<\/strong><\/p>\n<p>Wir organisieren die Reise Ihrer Fachkr\u00e4fte vom Abflugort bis zum Transfer an den Zielort.<\/p>\n<p style=\"\"><strong><strong>Mehrwert f\u00fcr Sie<\/strong><\/strong><\/p>\n<p>Aktive Betreuung und jederzeit Erreichbarkeit via Telefon und E-mail. Auf Wunsch pers\u00f6nliche Betreuung vor Ort.<\/p>\n<p><span><img decoding=\"async\" alt=\"\" data-id=\"168\" data-init-width=\"2560\" data-init-height=\"1707\" title=\"shutterstock_1381579229\" loading=\"lazy\" src=\"https:\/\/xn--pflegekrfte-plus-2nb.de\/wp-content\/uploads\/2021\/09\/shutterstock_1381579229-scaled.jpg\" data-width=\"1040\" data-height=\"693\" style=\"aspect-ratio: auto 2560 \/ 1707;\" width=\"1040\" height=\"693\"><\/span><span><img decoding=\"async\" alt=\"\" data-id=\"178\" data-init-width=\"1197\" data-init-height=\"798\" title=\"1197 shutterstock_246098401\" loading=\"lazy\" src=\"https:\/\/xn--pflegekrfte-plus-2nb.de\/wp-content\/uploads\/2021\/09\/1197-shutterstock_246098401.jpg\" data-width=\"1040\" data-height=\"693\" style=\"aspect-ratio: auto 1197 \/ 798;\" width=\"1040\" height=\"693\"><\/span><span><img decoding=\"async\" alt=\"\" data-id=\"180\" data-init-width=\"1197\" data-init-height=\"798\" title=\"1197 shutterstock_1352975267\" loading=\"lazy\" src=\"https:\/\/xn--pflegekrfte-plus-2nb.de\/wp-content\/uploads\/2021\/09\/1197-shutterstock_1352975267.jpg\" data-width=\"1040\" data-height=\"693\" style=\"aspect-ratio: auto 1197 \/ 798;\" width=\"1040\" height=\"693\"><\/span><span><img decoding=\"async\" alt=\"\" data-id=\"183\" data-init-width=\"1197\" data-init-height=\"798\" title=\"Kontaktformular 1197\" loading=\"lazy\" src=\"https:\/\/xn--pflegekrfte-plus-2nb.de\/wp-content\/uploads\/2021\/09\/Kontaktformular-1197.jpg\" data-width=\"1040\" data-height=\"693\" style=\"aspect-ratio: auto 1197 \/ 798;\" width=\"1040\" height=\"693\"><\/span><\/p>\n<h4 style=\"\">Auswahl<\/h4>\n<p>Anhand Ihrer Vorgaben pr\u00fcfen wir, neben den fachlichen Voraussetzungen und den erforderlichen Ausbildungsnachweisen, die pers\u00f6nliche Eignung der Bewerber.<\/p>\n<h4 style=\"\"><strong>Betreuung<\/strong><\/h4>\n<p>Sobald Sie sich f\u00fcr einen Bewerber entschieden haben, betreuen wir Sie und ihn bei der weiteren Vorbereitung auf den Philippinen, in Tunesien, in Portugal und w\u00e4hrend der Integrationsphase in Deutschland.<\/p>\n<p style=\"\"><strong><strong>Mehrwert f\u00fcr die ausl\u00e4ndischen Fachkr\u00e4fte:<\/strong><\/strong><\/p>\n<p>Betreuung durch einen aus dem Heimatland stammenden Ansprechpartner in Arbeitsplatzn\u00e4he.<\/p>\n<p style=\"text-align: center; font-size: 30px !important;\">Wir m\u00f6chten Ihnen langfristig, bei Ihrer Personalplanung helfen, damit sie,<\/p>\n<p style=\"text-align: center; font-size: 30px !important;\">trotz des Fachkr\u00e4ftemangel in der Pflege und Medizin, Ihre Patienten, Pflegebed\u00fcrftigen, Bewohner und Kunden auch in Zukunft<\/p>\n<p style=\"text-align: center; font-size: 30px !important;\">&nbsp;effektiv &nbsp;versorgen und betreuen k\u00f6nnen!<\/p>\n<p style=\"\">Team<\/p>\n<p><span style=\"height: 100%;\"><img decoding=\"async\" alt=\"\" data-id=\"374\" data-init-width=\"2560\" data-init-height=\"2560\" title=\"20210128_10271353[1]\" loading=\"lazy\" src=\"https:\/\/xn--pflegekrfte-plus-2nb.de\/wp-content\/uploads\/2021\/11\/20210128_102713531-scaled.jpeg\" data-width=\"100\" data-height=\"100\" style=\"max-width: none !important; aspect-ratio: auto 2560 \/ 2560;\" mt-d=\"0\" ml-d=\"0\" width=\"100\" height=\"100\"><\/span><\/p>\n<h5 style=\"\">Achim Sch\u00fcler<\/h5>\n<h6 style=\"\"><span style=\"font-weight: normal;\">Gesch\u00e4ftsf\u00fchrer<\/span><\/h6>\n<p><span style=\"height: 100%;\"><img decoding=\"async\" alt=\"\" data-id=\"377\" data-init-width=\"215\" data-init-height=\"215\" title=\"Dr._B1[1]\" loading=\"lazy\" src=\"https:\/\/xn--pflegekrfte-plus-2nb.de\/wp-content\/uploads\/2021\/11\/Dr._B11.jpeg\" data-width=\"100\" data-height=\"100\" style=\"max-width: none !important; aspect-ratio: auto 215 \/ 215;\" mt-d=\"0\" ml-d=\"0\" width=\"100\" height=\"100\"><\/span><\/p>\n<h5>Dr. Roberto Maravillosa<\/h5>\n<h6>Partner &#8211; medizinischer Fachberater &amp; Koordinator auf den Philippinen<\/h6>\n<p><span style=\"height: 100%;\"><img decoding=\"async\" alt=\"\" data-id=\"867\" data-init-width=\"1110\" data-init-height=\"1110\" title=\"TH2\" loading=\"lazy\" src=\"https:\/\/xn--pflegekrfte-plus-2nb.de\/wp-content\/uploads\/2022\/07\/TH2.jpg\" data-width=\"100\" data-height=\"100\" style=\"max-width: none !important; aspect-ratio: auto 1110 \/ 1110;\" mt-d=\"0\" ml-d=\"0\" width=\"100\" height=\"100\"><\/span><\/p>\n<h5>Thomas Hengst<\/h5>\n<h6>Partner &#8211; Fachapotheker &amp; Qualit\u00e4tsmanager und Fachauditor im Sozial- und Gesundheitswesen<\/h6>\n<p><span style=\"height: 100%;\"><img decoding=\"async\" alt=\"\" data-id=\"381\" data-init-width=\"189\" data-init-height=\"189\" title=\"RS2_(2)[1]\" loading=\"lazy\" src=\"https:\/\/xn--pflegekrfte-plus-2nb.de\/wp-content\/uploads\/2021\/11\/RS2_21.jpeg\" data-width=\"100\" data-height=\"100\" style=\"max-width: none !important; aspect-ratio: auto 189 \/ 189;\" mt-d=\"0\" ml-d=\"0\" width=\"100\" height=\"100\"><\/span><\/p>\n<h5>Raquel Schulz<\/h5>\n<h6>Regionalleiterin Nordost<\/h6>\n<h6>Standort: Berlin<\/h6>\n<p><span style=\"height: 100%;\"><img decoding=\"async\" alt=\"\" data-id=\"380\" data-init-width=\"218\" data-init-height=\"218\" title=\"RC_CS1[1]\" loading=\"lazy\" src=\"https:\/\/xn--pflegekrfte-plus-2nb.de\/wp-content\/uploads\/2021\/11\/RC_CS11.jpeg\" data-width=\"100\" data-height=\"100\" style=\"max-width: none !important; aspect-ratio: auto 218 \/ 218;\" mt-d=\"0\" ml-d=\"0\" width=\"100\" height=\"100\"><\/span><\/p>\n<h5>Rui Costa<\/h5>\n<h6>Regionalleiter S\u00fcdwest<\/h6>\n<h6>&nbsp;Standort: Aschaffenburg<\/h6>\n<p><span style=\"height: 100%;\"><img decoding=\"async\" alt=\"\" data-id=\"379\" data-init-width=\"208\" data-init-height=\"208\" title=\"ocm_225[1]\" loading=\"lazy\" src=\"https:\/\/xn--pflegekrfte-plus-2nb.de\/wp-content\/uploads\/2021\/11\/ocm_2251.jpeg\" data-width=\"100\" data-height=\"100\" style=\"max-width: none !important; aspect-ratio: auto 208 \/ 208;\" mt-d=\"0\" ml-d=\"0\" width=\"100\" height=\"100\"><\/span><\/p>\n<h5>Osvaldo Coimbra<\/h5>\n<h6>Partner &#8211; Berater &amp; Koordinator in Portugal<\/h6>\n<p><span style=\"height: 100%;\"><img decoding=\"async\" alt=\"\" data-id=\"375\" data-init-width=\"225\" data-init-height=\"225\" title=\"co2_(1)[1]\" loading=\"lazy\" src=\"https:\/\/xn--pflegekrfte-plus-2nb.de\/wp-content\/uploads\/2021\/11\/co2_11.jpeg\" data-width=\"100\" data-height=\"100\" style=\"max-width: none !important; aspect-ratio: auto 225 \/ 225;\" mt-d=\"0\" ml-d=\"0\" width=\"100\" height=\"100\"><\/span><\/p>\n<h5>Christa Otto<\/h5>\n<h6>Regionalleiterin West<\/h6>\n<h6>Standort: Mainz<\/h6>\n<h3 style=\"text-align: center;\">Vereinbaren Sie Ihr kostenloses und unverbindliches Beratungsgespr\u00e4ch.<\/h3>\n<p><span><a href=\"https:\/\/xn--pflegekrfte-plus-2nb.de\/\" target=\"_blank\" rel=\"noopener\"><img decoding=\"async\" alt=\"\" data-id=\"87\" data-init-width=\"660\" data-init-height=\"194\" title=\"Project\" loading=\"lazy\" src=\"https:\/\/xn--pflegekrfte-plus-2nb.de\/wp-content\/uploads\/2021\/08\/Project.jpg\" data-width=\"509\" data-height=\"150\" style=\"aspect-ratio: auto 660 \/ 194;\" data-link-wrap=\"true\" width=\"509\" height=\"150\"><\/a><\/span><\/p>\n<p style=\"text-align: center;\"><strong>+49 2624 185416 0<\/strong><\/p>\n<p style=\"text-align: center;\"><a href=\"mailto:info@pflegekr%C3%A4fte-plus.de\" target=\"_blank\" style=\"outline: currentcolor none medium;\" rel=\"noopener\"><strong>info@careservs.com<\/strong><\/a><\/p>\n<p style=\"text-align: center;\"><strong>Kleine Emser Stra\u00dfe 2<\/strong><\/p>\n<p style=\"text-align: center;\"><strong>56203 H\u00f6hr-Grenzhausen<\/strong><\/p>\n<p style=\"text-align: center;\"><strong>Germany<\/strong><\/p>\n<p style=\"text-align: left;\"><a href=\"https:\/\/xn--pflegekrfte-plus-2nb.de\/?page_id=279\" style=\"outline: none;\">Kontakt<\/a> &nbsp; &nbsp; <a href=\"https:\/\/xn--pflegekrfte-plus-2nb.de\/?page_id=290\" style=\"outline: currentcolor none medium;\">Impressum<\/a>&nbsp; &nbsp; &nbsp;<a href=\"https:\/\/xn--pflegekrfte-plus-2nb.de\/?page_id=295\" style=\"outline: currentcolor none medium;\">Datenschutz <\/a><\/p>\n<p style=\"text-align: left;\"><span><span style=\"color: rgb(102, 102, 102);\">\u00a9 2022 <\/span><\/span><span style=\"color: rgb(102, 102, 102);\"><span>Alle Rechte vorbehalten | CareServs GmbH<\/span><\/span><\/p>\n","protected":false},"excerpt":{"rendered":"<p>Startseite \u00dcber uns Dienstleistungen F\u00fcr Arbeitgeber F\u00fcr Arbeitnehmer Spezialisierung Ablauf der Vermittlung Team Kontakt Herzlich Willkommen Als Personalvermittler im Gesundheitssektor helfen wir Ihnen bei der Suche nach ausl\u00e4ndischen Gesundheits,- Kranken,- und Pflegefachkr\u00e4ften, \u00c4rzten, Apothekern, Physiotherapeuten und Pharmazeutisch-technische Assistenten (PTA). Unsere Unternehmenskultur Wir sind ein Inhaber gef\u00fchrtes Unternehmen. Seit 1993 sind die Firmengr\u00fcnder beruflich in der&hellip; <a class=\"more-link\" href=\"https:\/\/xn--pflegekrfte-plus-2nb.de\/\"><span class=\"screen-reader-text\">Hauptseite<\/span> weiterlesen<\/a><\/p>\n","protected":false},"author":1,"featured_media":0,"parent":0,"menu_order":0,"comment_status":"closed","ping_status":"closed","template":"","meta":{"footnotes":""},"_links":{"self":[{"href":"https:\/\/xn--pflegekrfte-plus-2nb.de\/index.php\/wp-json\/wp\/v2\/pages\/262"}],"collection":[{"href":"https:\/\/xn--pflegekrfte-plus-2nb.de\/index.php\/wp-json\/wp\/v2\/pages"}],"about":[{"href":"https:\/\/xn--pflegekrfte-plus-2nb.de\/index.php\/wp-json\/wp\/v2\/types\/page"}],"author":[{"embeddable":true,"href":"https:\/\/xn--pflegekrfte-plus-2nb.de\/index.php\/wp-json\/wp\/v2\/users\/1"}],"replies":[{"embeddable":true,"href":"https:\/\/xn--pflegekrfte-plus-2nb.de\/index.php\/wp-json\/wp\/v2\/comments?post=262"}],"version-history":[{"count":159,"href":"https:\/\/xn--pflegekrfte-plus-2nb.de\/index.php\/wp-json\/wp\/v2\/pages\/262\/revisions"}],"predecessor-version":[{"id":930,"href":"https:\/\/xn--pflegekrfte-plus-2nb.de\/index.php\/wp-json\/wp\/v2\/pages\/262\/revisions\/930"}],"wp:attachment":[{"href":"https:\/\/xn--pflegekrfte-plus-2nb.de\/index.php\/wp-json\/wp\/v2\/media?parent=262"}],"curies":[{"name":"wp","href":"https:\/\/api.w.org\/{rel}","templated":true}]}}